{"id":2400,"date":"2024-09-02T13:16:06","date_gmt":"2024-09-02T13:16:06","guid":{"rendered":"https:\/\/heric2d.cies.iscte-iul.pt\/?page_id=2400"},"modified":"2025-05-15T12:34:43","modified_gmt":"2025-05-15T12:34:43","slug":"publicacoes","status":"publish","type":"page","link":"https:\/\/heric2d.cies.iscte-iul.pt\/eng\/publicacoes\/","title":{"rendered":"Publications"},"content":{"rendered":"<div data-elementor-type=\"wp-page\" data-elementor-id=\"2400\" class=\"elementor elementor-2400\">\n\t\t\t\t\t\t\t<div class=\"elementor-element elementor-element-a7b120d e-flex e-con-boxed e-con e-parent\" data-id=\"a7b120d\" data-element_type=\"container\" data-settings=\"{&quot;content_width&quot;:&quot;boxed&quot;}\" data-core-v316-plus=\"true\">\n\t\t\t\t\t<div class=\"e-con-inner\">\n\t\t\t\t<div class=\"elementor-element elementor-element-08be9b4 elementor-widget__width-initial elementor-widget elementor-widget-heading\" data-id=\"08be9b4\" data-element_type=\"widget\" data-widget_type=\"heading.default\">\n\t\t\t\t<div class=\"elementor-widget-container\">\n\t\t\t<style>\/*! elementor - v3.17.0 - 08-11-2023 *\/\n.elementor-heading-title{padding:0;margin:0;line-height:1}.elementor-widget-heading .elementor-heading-title[class*=elementor-size-]>a{color:inherit;font-size:inherit;line-height:inherit}.elementor-widget-heading .elementor-heading-title.elementor-size-small{font-size:15px}.elementor-widget-heading .elementor-heading-title.elementor-size-medium{font-size:19px}.elementor-widget-heading .elementor-heading-title.elementor-size-large{font-size:29px}.elementor-widget-heading .elementor-heading-title.elementor-size-xl{font-size:39px}.elementor-widget-heading .elementor-heading-title.elementor-size-xxl{font-size:59px}<\/style><h2 class=\"elementor-heading-title elementor-size-default\">Publications<\/h2>\t\t<\/div>\n\t\t\t\t<\/div>\n\t\t\t\t\t<\/div>\n\t\t\t\t<\/div>\n\t\t<div class=\"elementor-element elementor-element-b0addc5 e-flex e-con-boxed e-con e-parent\" data-id=\"b0addc5\" data-element_type=\"container\" data-settings=\"{&quot;content_width&quot;:&quot;boxed&quot;}\" data-core-v316-plus=\"true\">\n\t\t\t\t\t<div class=\"e-con-inner\">\n\t\t\t\t<div class=\"elementor-element elementor-element-ea8252b elementor-widget elementor-widget-heading\" data-id=\"ea8252b\" data-element_type=\"widget\" data-widget_type=\"heading.default\">\n\t\t\t\t<div class=\"elementor-widget-container\">\n\t\t\t<h2 class=\"elementor-heading-title elementor-size-default\">Articles in scientific journals<\/h2>\t\t<\/div>\n\t\t\t\t<\/div>\n\t\t\t\t<div class=\"elementor-element elementor-element-5af03e0 elementor-widget__width-initial elementor-widget elementor-widget-text-editor\" data-id=\"5af03e0\" data-element_type=\"widget\" data-widget_type=\"text-editor.default\">\n\t\t\t\t<div class=\"elementor-widget-container\">\n\t\t\t<style>\/*! elementor - v3.17.0 - 08-11-2023 *\/\n.elementor-widget-text-editor.elementor-drop-cap-view-stacked .elementor-drop-cap{background-color:#69727d;color:#fff}.elementor-widget-text-editor.elementor-drop-cap-view-framed .elementor-drop-cap{color:#69727d;border:3px solid;background-color:transparent}.elementor-widget-text-editor:not(.elementor-drop-cap-view-default) .elementor-drop-cap{margin-top:8px}.elementor-widget-text-editor:not(.elementor-drop-cap-view-default) .elementor-drop-cap-letter{width:1em;height:1em}.elementor-widget-text-editor .elementor-drop-cap{float:left;text-align:center;line-height:1;font-size:50px}.elementor-widget-text-editor .elementor-drop-cap-letter{display:inline-block}<\/style>\t\t\t\t<p>Pereira, A., Martins, N.,\u00a0 Garcia, F., Espanha, R., Brand\u00e3o, D., Barros, A., Di F\u00e1tima, B. (2025) \u201cInfographics in Health risk communication: The contribution of design in guiding citizens during pandemic situations\u201d, <em>InfoDesign &#8211; Journal of Information Design<\/em>, vol. 22, no. 1, pp. 1-16. <a href=\"https:\/\/doi.org\/10.51358\/id.v22i1.1195\" target=\"_blank\" rel=\"noopener\">https:\/\/doi.org\/10.51358\/id.v22i1.1195<\/a><\/p>\t\t\t\t\t\t<\/div>\n\t\t\t\t<\/div>\n\t\t\t\t<div class=\"elementor-element elementor-element-eaf3989 elementor-widget__width-initial elementor-widget elementor-widget-text-editor\" data-id=\"eaf3989\" data-element_type=\"widget\" data-widget_type=\"text-editor.default\">\n\t\t\t\t<div class=\"elementor-widget-container\">\n\t\t\t\t\t\t\t<p>Di F\u00e1tima, B., Garcia, F., Espanha, R., Barros, A., Martins, N., &amp; Brand\u00e3o, D. (2024). Comunica\u00e7\u00e3o de risco em sa\u00fade no contexto Portugu\u00eas: Uma perce\u00e7\u00e3o da pandemia atrav\u00e9s do Facebook. <em>Observatorio (OBS<\/em>)*, 18(2), 162-181. <a href=\"https:\/\/obs.obercom.pt\/index.php\/obs\/article\/view\/2349\" target=\"_new\" rel=\"noopener\">https:\/\/obs.obercom.pt\/index.php\/obs\/article\/view\/2349<\/a><\/p>\t\t\t\t\t\t<\/div>\n\t\t\t\t<\/div>\n\t\t\t\t\t<\/div>\n\t\t\t\t<\/div>\n\t\t<div class=\"elementor-element elementor-element-01bdf32 e-flex e-con-boxed e-con e-parent\" data-id=\"01bdf32\" data-element_type=\"container\" data-settings=\"{&quot;content_width&quot;:&quot;boxed&quot;}\" data-core-v316-plus=\"true\">\n\t\t\t\t\t<div class=\"e-con-inner\">\n\t\t\t\t<div class=\"elementor-element elementor-element-b0cdc0b elementor-widget elementor-widget-heading\" data-id=\"b0cdc0b\" data-element_type=\"widget\" data-widget_type=\"heading.default\">\n\t\t\t\t<div class=\"elementor-widget-container\">\n\t\t\t<h2 class=\"elementor-heading-title elementor-size-default\">Chapters in scientific books<\/h2>\t\t<\/div>\n\t\t\t\t<\/div>\n\t\t\t\t<div class=\"elementor-element elementor-element-96e50da elementor-widget__width-initial elementor-widget elementor-widget-text-editor\" data-id=\"96e50da\" data-element_type=\"widget\" data-widget_type=\"text-editor.default\">\n\t\t\t\t<div class=\"elementor-widget-container\">\n\t\t\t\t\t\t\t<p>Di F\u00e1tima, B., Garcia, F., Barros, A., Espanha, R., Brand\u00e3o, D., &amp; Martins, N. (2024). Navigating COVID-19: How the Portuguese Health Authority Managed Social Media. In H. G\u00fcrkan &amp; A. Sertta\u015f (Eds.), <em>Transformed Communication Codes in the Mediated World: A Contemporary Perspective<\/em> (pp. 175-190). IGI Global. <a href=\"https:\/\/doi.org\/10.4018\/979-8-3693-0896-7.ch010\" target=\"_new\" rel=\"noopener\">https:\/\/doi.org\/10.4018\/979-8-3693-0896-7.ch010<\/a><\/p>\t\t\t\t\t\t<\/div>\n\t\t\t\t<\/div>\n\t\t\t\t\t<\/div>\n\t\t\t\t<\/div>\n\t\t<div class=\"elementor-element elementor-element-b28f895 e-flex e-con-boxed e-con e-parent\" data-id=\"b28f895\" data-element_type=\"container\" data-settings=\"{&quot;content_width&quot;:&quot;boxed&quot;}\" data-core-v316-plus=\"true\">\n\t\t\t\t\t<div class=\"e-con-inner\">\n\t\t\t\t<div class=\"elementor-element elementor-element-7a8ab11 elementor-widget elementor-widget-heading\" data-id=\"7a8ab11\" data-element_type=\"widget\" data-widget_type=\"heading.default\">\n\t\t\t\t<div class=\"elementor-widget-container\">\n\t\t\t<h2 class=\"elementor-heading-title elementor-size-default\">Communications at scientific meetings<\/h2>\t\t<\/div>\n\t\t\t\t<\/div>\n\t\t\t\t<div class=\"elementor-element elementor-element-e040e65 elementor-widget__width-initial elementor-widget elementor-widget-text-editor\" data-id=\"e040e65\" data-element_type=\"widget\" data-widget_type=\"text-editor.default\">\n\t\t\t\t<div class=\"elementor-widget-container\">\n\t\t\t\t\t\t\t<p>Freitas, I., Martins, N., Garcia, F., Espanha, R., Brand\u00e3o, D., Barros, A., &amp; Di F\u00e1tima, B. (2023). The role of Motion Graphics in the fight against COVID-19: an evaluation of videos designed for citizens by DGS and SNS24, Portugal. In <em>Proceedings of the 7th International Conference on Digital Technology in Education (ICDTE &#8217;23)<\/em> (pp. 96-103). ACM. <a href=\"https:\/\/doi.org\/10.1145\/3626686.3626694\" target=\"_new\" rel=\"noopener\">https:\/\/doi.org\/10.1145\/3626686.3626694<\/a><\/p>\t\t\t\t\t\t<\/div>\n\t\t\t\t<\/div>\n\t\t\t\t<div class=\"elementor-element elementor-element-d4a0402 elementor-widget__width-initial elementor-widget elementor-widget-text-editor\" data-id=\"d4a0402\" data-element_type=\"widget\" data-widget_type=\"text-editor.default\">\n\t\t\t\t<div class=\"elementor-widget-container\">\n\t\t\t\t\t\t\t<p>Espanha, R., Garcia, F., Martins, N., Brand\u00e3o, D., Barros, A., &amp; Di F\u00e1tima, B. (2024). <em>Navigating COVID-19: How the Portuguese Health Authority Managed Social Media<\/em>. In <em>WellApp Conference<\/em>, Lisbon, Portugal. <a href=\"https:\/\/inovamedialab.fcsh.unl.pt\/events\/wellappconference\/\" target=\"_new\" rel=\"noopener\">https:\/\/inovamedialab.fcsh.unl.pt\/events\/wellappconference\/<\/a><\/p>\t\t\t\t\t\t<\/div>\n\t\t\t\t<\/div>\n\t\t\t\t\t<\/div>\n\t\t\t\t<\/div>\n\t\t<div class=\"elementor-element elementor-element-f539dbf e-flex e-con-boxed e-con e-parent\" data-id=\"f539dbf\" data-element_type=\"container\" data-settings=\"{&quot;content_width&quot;:&quot;boxed&quot;}\" data-core-v316-plus=\"true\">\n\t\t\t\t\t<div class=\"e-con-inner\">\n\t\t\t\t<div class=\"elementor-element elementor-element-e4556c5 elementor-widget__width-initial elementor-widget elementor-widget-heading\" data-id=\"e4556c5\" data-element_type=\"widget\" data-widget_type=\"heading.default\">\n\t\t\t\t<div class=\"elementor-widget-container\">\n\t\t\t<h2 class=\"elementor-heading-title elementor-size-default\">Databases<\/h2>\t\t<\/div>\n\t\t\t\t<\/div>\n\t\t\t\t\t<\/div>\n\t\t\t\t<\/div>\n\t\t<div class=\"elementor-element elementor-element-03daf0e e-flex e-con-boxed e-con e-parent\" data-id=\"03daf0e\" data-element_type=\"container\" data-settings=\"{&quot;content_width&quot;:&quot;boxed&quot;}\" data-core-v316-plus=\"true\">\n\t\t\t\t\t<div class=\"e-con-inner\">\n\t\t\t\t<div class=\"elementor-element elementor-element-068a387 elementor-widget__width-auto elementor-widget elementor-widget-button\" data-id=\"068a387\" data-element_type=\"widget\" data-widget_type=\"button.default\">\n\t\t\t\t<div class=\"elementor-widget-container\">\n\t\t\t\t\t<div class=\"elementor-button-wrapper\">\n\t\t\t<a class=\"elementor-button elementor-button-link elementor-size-lg\" href=\"https:\/\/heric2d.cies.iscte-iul.pt\/wp-content\/uploads\/2025\/02\/Dados-do-Facebook-da-DGS.zip\" target=\"_blank\">\n\t\t\t\t\t\t<span class=\"elementor-button-content-wrapper\">\n\t\t\t\t\t\t<span class=\"elementor-button-icon elementor-align-icon-right\">\n\t\t\t\t<i aria-hidden=\"true\" class=\"fas fa-file-download\"><\/i>\t\t\t<\/span>\n\t\t\t\t\t\t<span class=\"elementor-button-text\">Data from the DGS Facebook page (CSV)<\/span>\n\t\t<\/span>\n\t\t\t\t\t<\/a>\n\t\t<\/div>\n\t\t\t\t<\/div>\n\t\t\t\t<\/div>\n\t\t\t\t<div class=\"elementor-element elementor-element-1c6b666 elementor-widget__width-auto elementor-widget elementor-widget-button\" data-id=\"1c6b666\" data-element_type=\"widget\" data-widget_type=\"button.default\">\n\t\t\t\t<div class=\"elementor-widget-container\">\n\t\t\t\t\t<div class=\"elementor-button-wrapper\">\n\t\t\t<a class=\"elementor-button elementor-button-link elementor-size-lg\" href=\"https:\/\/heric2d.cies.iscte-iul.pt\/wp-content\/uploads\/2025\/02\/2023-04-19-07-00-17-EDT-Page-Data-Request-d1409.csv\" target=\"_blank\">\n\t\t\t\t\t\t<span class=\"elementor-button-content-wrapper\">\n\t\t\t\t\t\t<span class=\"elementor-button-icon elementor-align-icon-right\">\n\t\t\t\t<i aria-hidden=\"true\" class=\"fas fa-file-download\"><\/i>\t\t\t<\/span>\n\t\t\t\t\t\t<span class=\"elementor-button-text\">Data from the DGS Instagram (CSV)<\/span>\n\t\t<\/span>\n\t\t\t\t\t<\/a>\n\t\t<\/div>\n\t\t\t\t<\/div>\n\t\t\t\t<\/div>\n\t\t\t\t<div class=\"elementor-element elementor-element-a95ea70 elementor-widget elementor-widget-spacer\" data-id=\"a95ea70\" data-element_type=\"widget\" data-widget_type=\"spacer.default\">\n\t\t\t\t<div class=\"elementor-widget-container\">\n\t\t\t<style>\/*! elementor - v3.17.0 - 08-11-2023 *\/\n.elementor-column .elementor-spacer-inner{height:var(--spacer-size)}.e-con{--container-widget-width:100%}.e-con-inner>.elementor-widget-spacer,.e-con>.elementor-widget-spacer{width:var(--container-widget-width,var(--spacer-size));--align-self:var(--container-widget-align-self,initial);--flex-shrink:0}.e-con-inner>.elementor-widget-spacer>.elementor-widget-container,.e-con>.elementor-widget-spacer>.elementor-widget-container{height:100%;width:100%}.e-con-inner>.elementor-widget-spacer>.elementor-widget-container>.elementor-spacer,.e-con>.elementor-widget-spacer>.elementor-widget-container>.elementor-spacer{height:100%}.e-con-inner>.elementor-widget-spacer>.elementor-widget-container>.elementor-spacer>.elementor-spacer-inner,.e-con>.elementor-widget-spacer>.elementor-widget-container>.elementor-spacer>.elementor-spacer-inner{height:var(--container-widget-height,var(--spacer-size))}.e-con-inner>.elementor-widget-spacer.elementor-widget-empty,.e-con>.elementor-widget-spacer.elementor-widget-empty{position:relative;min-height:22px;min-width:22px}.e-con-inner>.elementor-widget-spacer.elementor-widget-empty .elementor-widget-empty-icon,.e-con>.elementor-widget-spacer.elementor-widget-empty .elementor-widget-empty-icon{position:absolute;top:0;bottom:0;left:0;right:0;margin:auto;padding:0;width:22px;height:22px}<\/style>\t\t<div class=\"elementor-spacer\">\n\t\t\t<div class=\"elementor-spacer-inner\"><\/div>\n\t\t<\/div>\n\t\t\t\t<\/div>\n\t\t\t\t<\/div>\n\t\t\t\t\t<\/div>\n\t\t\t\t<\/div>\n\t\t\t\t\t\t\t<\/div>","protected":false},"excerpt":{"rendered":"<p>Publica\u00e7\u00f5es Artigos em revistas cient\u00edficas Pereira, A., Martins, N.,\u00a0 Garcia, F., Espanha, R., Brand\u00e3o, D., Barros, A., Di F\u00e1tima, B. (2025) \u201cInfographics in Health risk communication: The contribution of design in guiding citizens during pandemic situations\u201d, InfoDesign &#8211; Journal of Information Design, vol. 22, no. 1, pp. 1-16. https:\/\/doi.org\/10.51358\/id.v22i1.1195 Di F\u00e1tima, B., Garcia, F., Espanha, &hellip;<\/p>\n<p class=\"read-more\"> <a class=\"\" href=\"https:\/\/heric2d.cies.iscte-iul.pt\/eng\/publicacoes\/\"> <span class=\"screen-reader-text\">Publications<\/span> Read More &raquo;<\/a><\/p>","protected":false},"author":1,"featured_media":0,"parent":0,"menu_order":0,"comment_status":"closed","ping_status":"closed","template":"","meta":{"site-sidebar-layout":"no-sidebar","site-content-layout":"","ast-site-content-layout":"full-width-container","site-content-style":"default","site-sidebar-style":"default","ast-global-header-display":"","ast-banner-title-visibility":"","ast-main-header-display":"","ast-hfb-above-header-display":"","ast-hfb-below-header-display":"","ast-hfb-mobile-header-display":"","site-post-title":"disabled","ast-breadcrumbs-content":"","ast-featured-img":"disabled","footer-sml-layout":"","theme-transparent-header-meta":"","adv-header-id-meta":"","stick-header-meta":"","header-above-stick-meta":"","header-main-stick-meta":"","header-below-stick-meta":"","astra-migrate-meta-layouts":"","ast-page-background-enabled":"default","ast-page-background-meta":{"desktop":{"background-color":"var(--ast-global-color-4)","background-image":"","background-repeat":"repeat","background-position":"center center","background-size":"auto","background-attachment":"scroll","background-type":"","background-media":"","overlay-type":"","overlay-color":"","overlay-gradient":""},"tablet":{"background-color":"","background-image":"","background-repeat":"repeat","background-position":"center center","background-size":"auto","background-attachment":"scroll","background-type":"","background-media":"","overlay-type":"","overlay-color":"","overlay-gradient":""},"mobile":{"background-color":"","background-image":"","background-repeat":"repeat","background-position":"center center","background-size":"auto","background-attachment":"scroll","background-type":"","background-media":"","overlay-type":"","overlay-color":"","overlay-gradient":""}},"ast-content-background-meta":{"desktop":{"background-color":"var(--ast-global-color-5)","background-image":"","background-repeat":"repeat","background-position":"center center","background-size":"auto","background-attachment":"scroll","background-type":"","background-media":"","overlay-type":"","overlay-color":"","overlay-gradient":""},"tablet":{"background-color":"var(--ast-global-color-5)","background-image":"","background-repeat":"repeat","background-position":"center center","background-size":"auto","background-attachment":"scroll","background-type":"","background-media":"","overlay-type":"","overlay-color":"","overlay-gradient":""},"mobile":{"background-color":"var(--ast-global-color-5)","background-image":"","background-repeat":"repeat","background-position":"center center","background-size":"auto","background-attachment":"scroll","background-type":"","background-media":"","overlay-type":"","overlay-color":"","overlay-gradient":""}},"footnotes":""},"_links":{"self":[{"href":"https:\/\/heric2d.cies.iscte-iul.pt\/eng\/wp-json\/wp\/v2\/pages\/2400"}],"collection":[{"href":"https:\/\/heric2d.cies.iscte-iul.pt\/eng\/wp-json\/wp\/v2\/pages"}],"about":[{"href":"https:\/\/heric2d.cies.iscte-iul.pt\/eng\/wp-json\/wp\/v2\/types\/page"}],"author":[{"embeddable":true,"href":"https:\/\/heric2d.cies.iscte-iul.pt\/eng\/wp-json\/wp\/v2\/users\/1"}],"replies":[{"embeddable":true,"href":"https:\/\/heric2d.cies.iscte-iul.pt\/eng\/wp-json\/wp\/v2\/comments?post=2400"}],"version-history":[{"count":73,"href":"https:\/\/heric2d.cies.iscte-iul.pt\/eng\/wp-json\/wp\/v2\/pages\/2400\/revisions"}],"predecessor-version":[{"id":2618,"href":"https:\/\/heric2d.cies.iscte-iul.pt\/eng\/wp-json\/wp\/v2\/pages\/2400\/revisions\/2618"}],"wp:attachment":[{"href":"https:\/\/heric2d.cies.iscte-iul.pt\/eng\/wp-json\/wp\/v2\/media?parent=2400"}],"curies":[{"name":"wp","href":"https:\/\/api.w.org\/{rel}","templated":true}]}}